{"id":436,"date":"2022-12-06T08:48:56","date_gmt":"2022-12-06T08:48:56","guid":{"rendered":"http:\/\/www.brukujemy.com.pl\/?page_id=436"},"modified":"2022-12-06T09:08:27","modified_gmt":"2022-12-06T09:08:27","slug":"o-firmie","status":"publish","type":"page","link":"https:\/\/www.brukujemy.com.pl\/index.php\/o-firmie\/","title":{"rendered":"O firmie"},"content":{"rendered":"\t\t<div data-elementor-type=\"wp-page\" data-elementor-id=\"436\" class=\"elementor elementor-436\">\n\t\t\t\t\t\t\t\t\t<section class=\"elementor-section elementor-top-section elementor-element elementor-element-48cc0b25 elementor-section-boxed elementor-section-height-default elementor-section-height-default\" data-id=\"48cc0b25\" data-element_type=\"section\" data-settings=\"{&quot;background_background&quot;:&quot;classic&quot;}\">\n\t\t\t\t\t\t<div class=\"elementor-container elementor-column-gap-default\">\n\t\t\t\t\t<div class=\"elementor-column elementor-col-100 elementor-top-column elementor-element elementor-element-10d0f9cf\" data-id=\"10d0f9cf\" data-element_type=\"column\">\n\t\t\t<div class=\"elementor-widget-wrap elementor-element-populated\">\n\t\t\t\t\t\t\t\t<div class=\"elementor-element elementor-element-1c58a771 elementor-widget elementor-widget-page-title\" data-id=\"1c58a771\" data-element_type=\"widget\" data-settings=\"{&quot;align&quot;:&quot;center&quot;}\" data-widget_type=\"page-title.default\">\n\t\t\t\t<div class=\"elementor-widget-container\">\n\t\t\t\t\t\n\t\t<div class=\"hfe-page-title hfe-page-title-wrapper elementor-widget-heading\">\n\n\t\t\t\t\t\t\t\t\t\t\t<a href=\"https:\/\/www.brukujemy.com.pl\">\n\t\t\t\t\t\t<h2 class=\"elementor-heading-title elementor-size-default\">\n\t\t\t\t\t\t\t\t\n\t\t\t\tO firmie  \n\t\t\t<\/h2 > \n\t\t\t\t\t\t\t\t\t<\/a>\n\t\t\t\t\t<\/div>\n\t\t\t\t<\/div>\n\t\t\t\t<\/div>\n\t\t\t\t\t<\/div>\n\t\t<\/div>\n\t\t\t\t\t\t\t<\/div>\n\t\t<\/section>\n\t\t\t\t<section class=\"elementor-section elementor-top-section elementor-element elementor-element-67947d20 elementor-section-boxed elementor-section-height-default elementor-section-height-default\" data-id=\"67947d20\" data-element_type=\"section\">\n\t\t\t\t\t\t<div class=\"elementor-container elementor-column-gap-default\">\n\t\t\t\t\t<div class=\"elementor-column elementor-col-100 elementor-top-column elementor-element elementor-element-10ed3ad2\" data-id=\"10ed3ad2\" data-element_type=\"column\">\n\t\t\t<div class=\"elementor-widget-wrap elementor-element-populated\">\n\t\t\t\t\t\t\t\t<div class=\"elementor-element elementor-element-2aef3bed elementor-widget elementor-widget-text-editor\" data-id=\"2aef3bed\" data-element_type=\"widget\" data-widget_type=\"text-editor.default\">\n\t\t\t\t<div class=\"elementor-widget-container\">\n\t\t\t<style>\/*! elementor - v3.8.1 - 13-11-2022 *\/\n.elementor-widget-text-editor.elementor-drop-cap-view-stacked .elementor-drop-cap{background-color:#818a91;color:#fff}.elementor-widget-text-editor.elementor-drop-cap-view-framed .elementor-drop-cap{color:#818a91;border:3px solid;background-color:transparent}.elementor-widget-text-editor:not(.elementor-drop-cap-view-default) .elementor-drop-cap{margin-top:8px}.elementor-widget-text-editor:not(.elementor-drop-cap-view-default) .elementor-drop-cap-letter{width:1em;height:1em}.elementor-widget-text-editor .elementor-drop-cap{float:left;text-align:center;line-height:1;font-size:50px}.elementor-widget-text-editor .elementor-drop-cap-letter{display:inline-block}<\/style>\t\t\t\t<p>Nasza Firma dzia\u0142a na rynku od 2008 roku na terenie ca\u0142ego kraju. Do\u015bwiadczenie zdobywali\u015bmy realizuj\u0105c zlecenia zar\u00f3wno klient\u00f3w indywidualnych jak i du\u017cych przedsi\u0119biorstw. Najwi\u0119ksze do\u015bwiadczenie zdobyli\u015bmy jednak wykonuj\u0105c du\u017ce projekty drogowe wymagaj\u0105ce od Nas szerokich umiej\u0119tno\u015bci oraz wiedzy technicznej. Do ka\u017cdego klienta podchodzimy z zaanga\u017cowaniem staraj\u0105c si\u0119 sprosta\u0107 wszelkim oczekiwaniom Nam stawianym. Posiadamy w\u0142asny park maszynowy oraz wykwalifikowanych pracownik\u00f3w z du\u017cym do\u015bwiadczeniem oraz uprawnieniami dzi\u0119ki czemu jeste\u015bmy w stanie podj\u0105\u0107 si\u0119 du\u017cych i wymagaj\u0105cych projekt\u00f3w w ca\u0142ej Polsce.<\/p>\t\t\t\t\t\t<\/div>\n\t\t\t\t<\/div>\n\t\t\t\t\t<\/div>\n\t\t<\/div>\n\t\t\t\t\t\t\t<\/div>\n\t\t<\/section>\n\t\t\t\t<section class=\"elementor-section elementor-top-section elementor-element elementor-element-6687def9 elementor-section-boxed elementor-section-height-default elementor-section-height-default\" data-id=\"6687def9\" data-element_type=\"section\">\n\t\t\t\t\t\t<div class=\"elementor-container elementor-column-gap-default\">\n\t\t\t\t\t<div class=\"elementor-column elementor-col-100 elementor-top-column elementor-element elementor-element-5bb0bae8\" data-id=\"5bb0bae8\" data-element_type=\"column\">\n\t\t\t<div class=\"elementor-widget-wrap elementor-element-populated\">\n\t\t\t\t\t\t\t\t<div class=\"elementor-element elementor-element-4e77a394 elementor-aspect-ratio-219 elementor-widget elementor-widget-video\" data-id=\"4e77a394\" data-element_type=\"widget\" data-settings=\"{&quot;video_type&quot;:&quot;hosted&quot;,&quot;autoplay&quot;:&quot;yes&quot;,&quot;mute&quot;:&quot;yes&quot;,&quot;loop&quot;:&quot;yes&quot;,&quot;aspect_ratio&quot;:&quot;219&quot;}\" data-widget_type=\"video.default\">\n\t\t\t\t<div class=\"elementor-widget-container\">\n\t\t\t<style>\/*! elementor - v3.8.1 - 13-11-2022 *\/\n.elementor-widget-video .elementor-widget-container{overflow:hidden;-webkit-transform:translateZ(0);transform:translateZ(0)}.elementor-widget-video .elementor-open-inline .elementor-custom-embed-image-overlay{position:absolute;top:0;left:0;width:100%;height:100%;background-size:cover;background-position:50%}.elementor-widget-video .elementor-custom-embed-image-overlay{cursor:pointer;text-align:center}.elementor-widget-video .elementor-custom-embed-image-overlay:hover .elementor-custom-embed-play i{opacity:1}.elementor-widget-video .elementor-custom-embed-image-overlay img{display:block;width:100%}.elementor-widget-video .e-hosted-video .elementor-video{-o-object-fit:cover;object-fit:cover}.e-con-inner>.elementor-widget-video,.e-con>.elementor-widget-video{width:var(--container-widget-width,100%)}<\/style>\t\t<div class=\"e-hosted-video elementor-wrapper elementor-fit-aspect-ratio elementor-open-inline\">\n\t\t\t\t\t<video class=\"elementor-video\" src=\"https:\/\/www.brukujemy.com.pl\/wp-content\/uploads\/2022\/12\/optimas.mp4\" autoplay=\"\" loop=\"\" muted=\"muted\" controlsList=\"nodownload\"><\/video>\n\t\t\t\t<\/div>\n\t\t\t\t<\/div>\n\t\t\t\t<\/div>\n\t\t\t\t\t<\/div>\n\t\t<\/div>\n\t\t\t\t\t\t\t<\/div>\n\t\t<\/section>\n\t\t\t\t\t\t\t<\/div>\n\t\t","protected":false},"excerpt":{"rendered":"<p>O firmie Nasza Firma dzia\u0142a na rynku od 2008 roku na terenie ca\u0142ego kraju. Do\u015bwiadczenie zdobywali\u015bmy realizuj\u0105c zlecenia zar\u00f3wno klient\u00f3w indywidualnych jak i du\u017cych przedsi\u0119biorstw. Najwi\u0119ksze do\u015bwiadczenie zdobyli\u015bmy jednak wykonuj\u0105c du\u017ce projekty drogowe wymagaj\u0105ce od Nas szerokich umiej\u0119tno\u015bci oraz wiedzy technicznej. Do ka\u017cdego klienta podchodzimy z zaanga\u017cowaniem staraj\u0105c si\u0119 sprosta\u0107 wszelkim oczekiwaniom Nam stawianym. Posiadamy [&hellip;]<\/p>\n","protected":false},"author":1,"featured_media":0,"parent":0,"menu_order":0,"comment_status":"closed","ping_status":"closed","template":"elementor_canvas","meta":[],"_links":{"self":[{"href":"https:\/\/www.brukujemy.com.pl\/index.php\/wp-json\/wp\/v2\/pages\/436"}],"collection":[{"href":"https:\/\/www.brukujemy.com.pl\/index.php\/wp-json\/wp\/v2\/pages"}],"about":[{"href":"https:\/\/www.brukujemy.com.pl\/index.php\/wp-json\/wp\/v2\/types\/page"}],"author":[{"embeddable":true,"href":"https:\/\/www.brukujemy.com.pl\/index.php\/wp-json\/wp\/v2\/users\/1"}],"replies":[{"embeddable":true,"href":"https:\/\/www.brukujemy.com.pl\/index.php\/wp-json\/wp\/v2\/comments?post=436"}],"version-history":[{"count":8,"href":"https:\/\/www.brukujemy.com.pl\/index.php\/wp-json\/wp\/v2\/pages\/436\/revisions"}],"predecessor-version":[{"id":501,"href":"https:\/\/www.brukujemy.com.pl\/index.php\/wp-json\/wp\/v2\/pages\/436\/revisions\/501"}],"wp:attachment":[{"href":"https:\/\/www.brukujemy.com.pl\/index.php\/wp-json\/wp\/v2\/media?parent=436"}],"curies":[{"name":"wp","href":"https:\/\/api.w.org\/{rel}","templated":true}]}}